{"id":1415,"date":"2016-02-12T07:54:41","date_gmt":"2016-02-12T07:54:41","guid":{"rendered":"http:\/\/demos.famethemes.com\/onepress\/?page_id=4"},"modified":"2025-04-30T11:33:55","modified_gmt":"2025-04-30T08:33:55","slug":"home","status":"publish","type":"page","link":"https:\/\/sahkolla.net\/","title":{"rendered":"Etusivu"},"content":{"rendered":"","protected":false},"excerpt":{"rendered":"","protected":false},"author":1,"featured_media":1469,"parent":0,"menu_order":0,"comment_status":"closed","ping_status":"closed","template":"template-frontpage.php","meta":{"footnotes":""},"class_list":["post-1415","page","type-page","status-publish","has-post-thumbnail","hentry"],"yoast_head":"<!-- This site is optimized with the Yoast SEO plugin v25.0 - https:\/\/yoast.com\/wordpress\/plugins\/seo\/ -->\n<title>Etusivu - S\u00e4hk\u00f6ll\u00e4 Oy<\/title>\n<meta name=\"robots\" content=\"index, follow, max-snippet:-1, max-image-preview:large, max-video-preview:-1\" \/>\n<link rel=\"canonical\" href=\"https:\/\/sahkolla.net\/\" \/>\n<meta property=\"og:locale\" content=\"fi_FI\" \/>\n<meta property=\"og:type\" content=\"article\" \/>\n<meta property=\"og:title\" content=\"Etusivu - S\u00e4hk\u00f6ll\u00e4 Oy\" \/>\n<meta property=\"og:url\" content=\"https:\/\/sahkolla.net\/\" \/>\n<meta property=\"og:site_name\" content=\"S\u00e4hk\u00f6ll\u00e4 Oy\" \/>\n<meta property=\"article:publisher\" content=\"https:\/\/www.facebook.com\/profile.php?id=61573038363472\" \/>\n<meta property=\"article:modified_time\" content=\"2025-04-30T08:33:55+00:00\" \/>\n<meta property=\"og:image\" content=\"https:\/\/sahkolla.net\/wp-content\/uploads\/2025\/04\/favicon.png\" \/>\n\t<meta property=\"og:image:width\" content=\"512\" \/>\n\t<meta property=\"og:image:height\" content=\"512\" \/>\n\t<meta property=\"og:image:type\" content=\"image\/png\" \/>\n<meta name=\"twitter:card\" content=\"summary_large_image\" \/>\n<script type=\"application\/ld+json\" class=\"yoast-schema-graph\">{\"@context\":\"https:\/\/schema.org\",\"@graph\":[{\"@type\":\"WebPage\",\"@id\":\"https:\/\/sahkolla.net\/\",\"url\":\"https:\/\/sahkolla.net\/\",\"name\":\"Etusivu - S\u00e4hk\u00f6ll\u00e4 Oy\",\"isPartOf\":{\"@id\":\"https:\/\/sahkolla.net\/#website\"},\"primaryImageOfPage\":{\"@id\":\"https:\/\/sahkolla.net\/#primaryimage\"},\"image\":{\"@id\":\"https:\/\/sahkolla.net\/#primaryimage\"},\"thumbnailUrl\":\"https:\/\/sahkolla.net\/wp-content\/uploads\/2025\/04\/favicon.png\",\"datePublished\":\"2016-02-12T07:54:41+00:00\",\"dateModified\":\"2025-04-30T08:33:55+00:00\",\"breadcrumb\":{\"@id\":\"https:\/\/sahkolla.net\/#breadcrumb\"},\"inLanguage\":\"fi\",\"potentialAction\":[{\"@type\":\"ReadAction\",\"target\":[\"https:\/\/sahkolla.net\/\"]}]},{\"@type\":\"ImageObject\",\"inLanguage\":\"fi\",\"@id\":\"https:\/\/sahkolla.net\/#primaryimage\",\"url\":\"https:\/\/sahkolla.net\/wp-content\/uploads\/2025\/04\/favicon.png\",\"contentUrl\":\"https:\/\/sahkolla.net\/wp-content\/uploads\/2025\/04\/favicon.png\",\"width\":512,\"height\":512},{\"@type\":\"BreadcrumbList\",\"@id\":\"https:\/\/sahkolla.net\/#breadcrumb\",\"itemListElement\":[{\"@type\":\"ListItem\",\"position\":1,\"name\":\"Etusivu\",\"item\":\"https:\/\/sahkolla.net\/\"},{\"@type\":\"ListItem\",\"position\":2,\"name\":\"Etusivu\"}]},{\"@type\":\"WebSite\",\"@id\":\"https:\/\/sahkolla.net\/#website\",\"url\":\"https:\/\/sahkolla.net\/\",\"name\":\"S\u00e4hk\u00f6ll\u00e4 Oy\",\"description\":\"S\u00e4hk\u00f6asennuspalvelut P\u00e4ij\u00e4t-H\u00e4meen alueella\",\"publisher\":{\"@id\":\"https:\/\/sahkolla.net\/#organization\"},\"potentialAction\":[{\"@type\":\"SearchAction\",\"target\":{\"@type\":\"EntryPoint\",\"urlTemplate\":\"https:\/\/sahkolla.net\/?s={search_term_string}\"},\"query-input\":{\"@type\":\"PropertyValueSpecification\",\"valueRequired\":true,\"valueName\":\"search_term_string\"}}],\"inLanguage\":\"fi\"},{\"@type\":\"Organization\",\"@id\":\"https:\/\/sahkolla.net\/#organization\",\"name\":\"S\u00e4hk\u00f6ll\u00e4 Oy\",\"url\":\"https:\/\/sahkolla.net\/\",\"logo\":{\"@type\":\"ImageObject\",\"inLanguage\":\"fi\",\"@id\":\"https:\/\/sahkolla.net\/#\/schema\/logo\/image\/\",\"url\":\"https:\/\/sahkolla.net\/wp-content\/uploads\/2025\/04\/logo-1.png\",\"contentUrl\":\"https:\/\/sahkolla.net\/wp-content\/uploads\/2025\/04\/logo-1.png\",\"width\":200,\"height\":45,\"caption\":\"S\u00e4hk\u00f6ll\u00e4 Oy\"},\"image\":{\"@id\":\"https:\/\/sahkolla.net\/#\/schema\/logo\/image\/\"},\"sameAs\":[\"https:\/\/www.facebook.com\/profile.php?id=61573038363472\"]}]}<\/script>\n<!-- \/ Yoast SEO plugin. -->","yoast_head_json":{"title":"Etusivu - S\u00e4hk\u00f6ll\u00e4 Oy","robots":{"index":"index","follow":"follow","max-snippet":"max-snippet:-1","max-image-preview":"max-image-preview:large","max-video-preview":"max-video-preview:-1"},"canonical":"https:\/\/sahkolla.net\/","og_locale":"fi_FI","og_type":"article","og_title":"Etusivu - S\u00e4hk\u00f6ll\u00e4 Oy","og_url":"https:\/\/sahkolla.net\/","og_site_name":"S\u00e4hk\u00f6ll\u00e4 Oy","article_publisher":"https:\/\/www.facebook.com\/profile.php?id=61573038363472","article_modified_time":"2025-04-30T08:33:55+00:00","og_image":[{"width":512,"height":512,"url":"https:\/\/sahkolla.net\/wp-content\/uploads\/2025\/04\/favicon.png","type":"image\/png"}],"twitter_card":"summary_large_image","schema":{"@context":"https:\/\/schema.org","@graph":[{"@type":"WebPage","@id":"https:\/\/sahkolla.net\/","url":"https:\/\/sahkolla.net\/","name":"Etusivu - S\u00e4hk\u00f6ll\u00e4 Oy","isPartOf":{"@id":"https:\/\/sahkolla.net\/#website"},"primaryImageOfPage":{"@id":"https:\/\/sahkolla.net\/#primaryimage"},"image":{"@id":"https:\/\/sahkolla.net\/#primaryimage"},"thumbnailUrl":"https:\/\/sahkolla.net\/wp-content\/uploads\/2025\/04\/favicon.png","datePublished":"2016-02-12T07:54:41+00:00","dateModified":"2025-04-30T08:33:55+00:00","breadcrumb":{"@id":"https:\/\/sahkolla.net\/#breadcrumb"},"inLanguage":"fi","potentialAction":[{"@type":"ReadAction","target":["https:\/\/sahkolla.net\/"]}]},{"@type":"ImageObject","inLanguage":"fi","@id":"https:\/\/sahkolla.net\/#primaryimage","url":"https:\/\/sahkolla.net\/wp-content\/uploads\/2025\/04\/favicon.png","contentUrl":"https:\/\/sahkolla.net\/wp-content\/uploads\/2025\/04\/favicon.png","width":512,"height":512},{"@type":"BreadcrumbList","@id":"https:\/\/sahkolla.net\/#breadcrumb","itemListElement":[{"@type":"ListItem","position":1,"name":"Etusivu","item":"https:\/\/sahkolla.net\/"},{"@type":"ListItem","position":2,"name":"Etusivu"}]},{"@type":"WebSite","@id":"https:\/\/sahkolla.net\/#website","url":"https:\/\/sahkolla.net\/","name":"S\u00e4hk\u00f6ll\u00e4 Oy","description":"S\u00e4hk\u00f6asennuspalvelut P\u00e4ij\u00e4t-H\u00e4meen alueella","publisher":{"@id":"https:\/\/sahkolla.net\/#organization"},"potentialAction":[{"@type":"SearchAction","target":{"@type":"EntryPoint","urlTemplate":"https:\/\/sahkolla.net\/?s={search_term_string}"},"query-input":{"@type":"PropertyValueSpecification","valueRequired":true,"valueName":"search_term_string"}}],"inLanguage":"fi"},{"@type":"Organization","@id":"https:\/\/sahkolla.net\/#organization","name":"S\u00e4hk\u00f6ll\u00e4 Oy","url":"https:\/\/sahkolla.net\/","logo":{"@type":"ImageObject","inLanguage":"fi","@id":"https:\/\/sahkolla.net\/#\/schema\/logo\/image\/","url":"https:\/\/sahkolla.net\/wp-content\/uploads\/2025\/04\/logo-1.png","contentUrl":"https:\/\/sahkolla.net\/wp-content\/uploads\/2025\/04\/logo-1.png","width":200,"height":45,"caption":"S\u00e4hk\u00f6ll\u00e4 Oy"},"image":{"@id":"https:\/\/sahkolla.net\/#\/schema\/logo\/image\/"},"sameAs":["https:\/\/www.facebook.com\/profile.php?id=61573038363472"]}]}},"_links":{"self":[{"href":"https:\/\/sahkolla.net\/index.php\/wp-json\/wp\/v2\/pages\/1415","targetHints":{"allow":["GET"]}}],"collection":[{"href":"https:\/\/sahkolla.net\/index.php\/wp-json\/wp\/v2\/pages"}],"about":[{"href":"https:\/\/sahkolla.net\/index.php\/wp-json\/wp\/v2\/types\/page"}],"author":[{"embeddable":true,"href":"https:\/\/sahkolla.net\/index.php\/wp-json\/wp\/v2\/users\/1"}],"replies":[{"embeddable":true,"href":"https:\/\/sahkolla.net\/index.php\/wp-json\/wp\/v2\/comments?post=1415"}],"version-history":[{"count":1,"href":"https:\/\/sahkolla.net\/index.php\/wp-json\/wp\/v2\/pages\/1415\/revisions"}],"predecessor-version":[{"id":1493,"href":"https:\/\/sahkolla.net\/index.php\/wp-json\/wp\/v2\/pages\/1415\/revisions\/1493"}],"wp:featuredmedia":[{"embeddable":true,"href":"https:\/\/sahkolla.net\/index.php\/wp-json\/wp\/v2\/media\/1469"}],"wp:attachment":[{"href":"https:\/\/sahkolla.net\/index.php\/wp-json\/wp\/v2\/media?parent=1415"}],"curies":[{"name":"wp","href":"https:\/\/api.w.org\/{rel}","templated":true}]}}